{"id":6322,"date":"2024-09-08T16:54:36","date_gmt":"2024-09-08T19:54:36","guid":{"rendered":"https:\/\/www.barracoair.com\/?page_id=6322"},"modified":"2024-09-11T20:03:20","modified_gmt":"2024-09-11T23:03:20","slug":"secadodefrutas","status":"publish","type":"page","link":"https:\/\/www.barracoair.com\/esp\/inicio\/trabajosaereos\/secadodefrutas\/","title":{"rendered":"Secado de Frutas"},"content":{"rendered":"\t\t<div data-elementor-type=\"wp-page\" data-elementor-id=\"6322\" class=\"elementor elementor-6322\" data-elementor-post-type=\"page\">\n\t\t\t\t<div class=\"elementor-element elementor-element-7d548ce e-con-full e-flex e-con e-parent\" data-id=\"7d548ce\" data-element_type=\"container\" data-e-type=\"container\">\n\t\t<div class=\"elementor-element elementor-element-81a9134 e-con-full e-flex e-con e-child\" data-id=\"81a9134\" data-element_type=\"container\" data-e-type=\"container\" data-settings=\"{&quot;background_background&quot;:&quot;classic&quot;}\">\n\t\t<div class=\"elementor-element elementor-element-468bf401 e-con-full e-flex e-con e-child\" data-id=\"468bf401\" data-element_type=\"container\" data-e-type=\"container\">\n\t\t\t\t<div class=\"elementor-element elementor-element-3207a1db elementor-invisible elementor-widget elementor-widget-heading\" data-id=\"3207a1db\" data-element_type=\"widget\" data-e-type=\"widget\" data-settings=\"{&quot;_animation&quot;:&quot;slideInDown&quot;}\" data-widget_type=\"heading.default\">\n\t\t\t\t<div class=\"elementor-widget-container\">\n\t\t\t\t\t<h1 class=\"elementor-heading-title elementor-size-default\">secado de Frutas<\/h1>\t\t\t\t<\/div>\n\t\t\t\t<\/div>\n\t\t\t\t<div class=\"elementor-element elementor-element-c40ae91 elementor-widget elementor-widget-text-editor\" data-id=\"c40ae91\" data-element_type=\"widget\" data-e-type=\"widget\" data-widget_type=\"text-editor.default\">\n\t\t\t\t<div class=\"elementor-widget-container\">\n\t\t\t\t\t\t\t\t\t<p>El servicio de secado de frutas mediante helic\u00f3ptero es una t\u00e9cnica innovadora y eficiente para reducir la humedad en cultivos tras lluvias inesperadas. Utilizando el rotor de helic\u00f3pteros como el AS350 B3, creamos corrientes de aire que ayudan a evaporar el agua acumulada en las frutas, evitando el da\u00f1o causado por exceso de humedad y reduciendo el riesgo de p\u00e9rdida de la cosecha.<\/p><p>Este m\u00e9todo es especialmente \u00fatil para cultivos delicados como cerezas, uvas y berries, que pueden verse seriamente afectados por la humedad prolongada. Al ofrecer una soluci\u00f3n r\u00e1pida y eficaz, el secado con helic\u00f3ptero permite mantener la calidad y valor comercial de los productos, asegurando que lleguen en \u00f3ptimas condiciones al mercado.<\/p>\t\t\t\t\t\t\t\t<\/div>\n\t\t\t\t<\/div>\n\t\t\t\t<div class=\"elementor-element elementor-element-5def8fd elementor-widget elementor-widget-button\" data-id=\"5def8fd\" data-element_type=\"widget\" data-e-type=\"widget\" data-widget_type=\"button.default\">\n\t\t\t\t<div class=\"elementor-widget-container\">\n\t\t\t\t\t\t\t\t\t<div class=\"elementor-button-wrapper\">\n\t\t\t\t\t<a class=\"elementor-button elementor-button-link elementor-size-sm elementor-animation-float\" href=\"https:\/\/www.barracoair.com\/contactanos\/\">\n\t\t\t\t\t\t<span class=\"elementor-button-content-wrapper\">\n\t\t\t\t\t\t<span class=\"elementor-button-icon\">\n\t\t\t\t<svg xmlns=\"http:\/\/www.w3.org\/2000\/svg\" id=\"e58557d6-aa1b-4b0c-8bc5-8e259947a37c\" data-name=\"Layer 1\" width=\"11\" height=\"11\" viewBox=\"0 0 11 11\"><polygon points=\"6 5 6 0 5 0 5 5 0 5 0 6 5 6 5 11 6 11 6 6 11 6 11 5 6 5\" style=\"fill-rule:evenodd\"><\/polygon><\/svg>\t\t\t<\/span>\n\t\t\t\t\t\t\t\t\t<span class=\"elementor-button-text\">cont\u00e1ctanos<\/span>\n\t\t\t\t\t<\/span>\n\t\t\t\t\t<\/a>\n\t\t\t\t<\/div>\n\t\t\t\t\t\t\t\t<\/div>\n\t\t\t\t<\/div>\n\t\t\t\t<\/div>\n\t\t\t\t<\/div>\n\t\t\t\t<\/div>\n\t\t\t\t<\/div>\n\t\t","protected":false},"excerpt":{"rendered":"<p>secado de Frutas El servicio de secado de frutas mediante helic\u00f3ptero es una t\u00e9cnica innovadora y eficiente para reducir la humedad en cultivos tras lluvias inesperadas. Utilizando el rotor de helic\u00f3pteros como el AS350 B3, creamos corrientes de aire que ayudan a evaporar el agua acumulada en las frutas, evitando el da\u00f1o causado por exceso [&hellip;]<\/p>\n","protected":false},"author":3,"featured_media":0,"parent":5949,"menu_order":4,"comment_status":"closed","ping_status":"closed","template":"elementor_header_footer","meta":{"_joinchat":[],"footnotes":""},"class_list":["post-6322","page","type-page","status-publish","hentry"],"_links":{"self":[{"href":"https:\/\/www.barracoair.com\/esp\/wp-json\/wp\/v2\/pages\/6322","targetHints":{"allow":["GET"]}}],"collection":[{"href":"https:\/\/www.barracoair.com\/esp\/wp-json\/wp\/v2\/pages"}],"about":[{"href":"https:\/\/www.barracoair.com\/esp\/wp-json\/wp\/v2\/types\/page"}],"author":[{"embeddable":true,"href":"https:\/\/www.barracoair.com\/esp\/wp-json\/wp\/v2\/users\/3"}],"replies":[{"embeddable":true,"href":"https:\/\/www.barracoair.com\/esp\/wp-json\/wp\/v2\/comments?post=6322"}],"version-history":[{"count":7,"href":"https:\/\/www.barracoair.com\/esp\/wp-json\/wp\/v2\/pages\/6322\/revisions"}],"predecessor-version":[{"id":6507,"href":"https:\/\/www.barracoair.com\/esp\/wp-json\/wp\/v2\/pages\/6322\/revisions\/6507"}],"up":[{"embeddable":true,"href":"https:\/\/www.barracoair.com\/esp\/wp-json\/wp\/v2\/pages\/5949"}],"wp:attachment":[{"href":"https:\/\/www.barracoair.com\/esp\/wp-json\/wp\/v2\/media?parent=6322"}],"curies":[{"name":"wp","href":"https:\/\/api.w.org\/{rel}","templated":true}]}}