{"id":6320,"date":"2024-09-08T16:58:16","date_gmt":"2024-09-08T19:58:16","guid":{"rendered":"https:\/\/www.barracoair.com\/?page_id=6320"},"modified":"2024-09-11T20:03:09","modified_gmt":"2024-09-11T23:03:09","slug":"controldeheladas","status":"publish","type":"page","link":"https:\/\/www.barracoair.com\/esp\/inicio\/trabajosaereos\/controldeheladas\/","title":{"rendered":"Control de heladas"},"content":{"rendered":"\t\t<div data-elementor-type=\"wp-page\" data-elementor-id=\"6320\" class=\"elementor elementor-6320\" data-elementor-post-type=\"page\">\n\t\t\t\t<div class=\"elementor-element elementor-element-7d548ce e-con-full e-flex e-con e-parent\" data-id=\"7d548ce\" data-element_type=\"container\" data-e-type=\"container\">\n\t\t<div class=\"elementor-element elementor-element-c153894 e-con-full e-flex e-con e-child\" data-id=\"c153894\" data-element_type=\"container\" data-e-type=\"container\" data-settings=\"{&quot;background_background&quot;:&quot;classic&quot;}\">\n\t\t<div class=\"elementor-element elementor-element-22b95e8 e-con-full e-flex e-con e-child\" data-id=\"22b95e8\" data-element_type=\"container\" data-e-type=\"container\">\n\t\t\t\t<div class=\"elementor-element elementor-element-c57a031 elementor-invisible elementor-widget elementor-widget-heading\" data-id=\"c57a031\" data-element_type=\"widget\" data-e-type=\"widget\" data-settings=\"{&quot;_animation&quot;:&quot;slideInDown&quot;}\" data-widget_type=\"heading.default\">\n\t\t\t\t<div class=\"elementor-widget-container\">\n\t\t\t\t\t<h1 class=\"elementor-heading-title elementor-size-default\">Control de Heladas<\/h1>\t\t\t\t<\/div>\n\t\t\t\t<\/div>\n\t\t\t\t<div class=\"elementor-element elementor-element-a8ae318 elementor-widget elementor-widget-text-editor\" data-id=\"a8ae318\" data-element_type=\"widget\" data-e-type=\"widget\" data-widget_type=\"text-editor.default\">\n\t\t\t\t<div class=\"elementor-widget-container\">\n\t\t\t\t\t\t\t\t\t<p>Nuestro servicio de control de heladas es una soluci\u00f3n efectiva para proteger cultivos durante las noches fr\u00edas en temporadas cr\u00edticas. Utilizando helic\u00f3pteros, como el AS350 B3, volamos a baja altitud sobre los campos para generar corrientes de aire que mezclan el aire fr\u00edo cercano al suelo con capas de aire m\u00e1s c\u00e1lidas, elevando la temperatura y evitando la formaci\u00f3n de hielo en los cultivos.<\/p><p>Este m\u00e9todo es altamente eficiente para proteger vi\u00f1edos, huertos y otros tipos de cultivos sensibles a las heladas. Gracias a la rapidez de respuesta y maniobrabilidad de nuestros helic\u00f3pteros, podemos cubrir grandes \u00e1reas en poco tiempo, minimizando el da\u00f1o a las plantaciones y ayudando a los agricultores a preservar la calidad y el rendimiento de sus cosechas.<\/p>\t\t\t\t\t\t\t\t<\/div>\n\t\t\t\t<\/div>\n\t\t\t\t<div class=\"elementor-element elementor-element-d9dfec9 elementor-widget elementor-widget-button\" data-id=\"d9dfec9\" data-element_type=\"widget\" data-e-type=\"widget\" data-widget_type=\"button.default\">\n\t\t\t\t<div class=\"elementor-widget-container\">\n\t\t\t\t\t\t\t\t\t<div class=\"elementor-button-wrapper\">\n\t\t\t\t\t<a class=\"elementor-button elementor-button-link elementor-size-sm elementor-animation-float\" href=\"https:\/\/www.barracoair.com\/contactanos\/\">\n\t\t\t\t\t\t<span class=\"elementor-button-content-wrapper\">\n\t\t\t\t\t\t<span class=\"elementor-button-icon\">\n\t\t\t\t<svg xmlns=\"http:\/\/www.w3.org\/2000\/svg\" id=\"e58557d6-aa1b-4b0c-8bc5-8e259947a37c\" data-name=\"Layer 1\" width=\"11\" height=\"11\" viewBox=\"0 0 11 11\"><polygon points=\"6 5 6 0 5 0 5 5 0 5 0 6 5 6 5 11 6 11 6 6 11 6 11 5 6 5\" style=\"fill-rule:evenodd\"><\/polygon><\/svg>\t\t\t<\/span>\n\t\t\t\t\t\t\t\t\t<span class=\"elementor-button-text\">Cont\u00e1ctanos<\/span>\n\t\t\t\t\t<\/span>\n\t\t\t\t\t<\/a>\n\t\t\t\t<\/div>\n\t\t\t\t\t\t\t\t<\/div>\n\t\t\t\t<\/div>\n\t\t\t\t<\/div>\n\t\t\t\t<\/div>\n\t\t<div class=\"elementor-element elementor-element-81a9134 e-con-full e-flex e-con e-child\" data-id=\"81a9134\" data-element_type=\"container\" data-e-type=\"container\" data-settings=\"{&quot;background_background&quot;:&quot;classic&quot;}\">\n\t\t\t\t<\/div>\n\t\t\t\t<\/div>\n\t\t\t\t<\/div>\n\t\t","protected":false},"excerpt":{"rendered":"<p>Control de Heladas Nuestro servicio de control de heladas es una soluci\u00f3n efectiva para proteger cultivos durante las noches fr\u00edas en temporadas cr\u00edticas. Utilizando helic\u00f3pteros, como el AS350 B3, volamos a baja altitud sobre los campos para generar corrientes de aire que mezclan el aire fr\u00edo cercano al suelo con capas de aire m\u00e1s c\u00e1lidas, [&hellip;]<\/p>\n","protected":false},"author":3,"featured_media":0,"parent":5949,"menu_order":3,"comment_status":"closed","ping_status":"closed","template":"elementor_header_footer","meta":{"_joinchat":[],"footnotes":""},"class_list":["post-6320","page","type-page","status-publish","hentry"],"_links":{"self":[{"href":"https:\/\/www.barracoair.com\/esp\/wp-json\/wp\/v2\/pages\/6320","targetHints":{"allow":["GET"]}}],"collection":[{"href":"https:\/\/www.barracoair.com\/esp\/wp-json\/wp\/v2\/pages"}],"about":[{"href":"https:\/\/www.barracoair.com\/esp\/wp-json\/wp\/v2\/types\/page"}],"author":[{"embeddable":true,"href":"https:\/\/www.barracoair.com\/esp\/wp-json\/wp\/v2\/users\/3"}],"replies":[{"embeddable":true,"href":"https:\/\/www.barracoair.com\/esp\/wp-json\/wp\/v2\/comments?post=6320"}],"version-history":[{"count":10,"href":"https:\/\/www.barracoair.com\/esp\/wp-json\/wp\/v2\/pages\/6320\/revisions"}],"predecessor-version":[{"id":6504,"href":"https:\/\/www.barracoair.com\/esp\/wp-json\/wp\/v2\/pages\/6320\/revisions\/6504"}],"up":[{"embeddable":true,"href":"https:\/\/www.barracoair.com\/esp\/wp-json\/wp\/v2\/pages\/5949"}],"wp:attachment":[{"href":"https:\/\/www.barracoair.com\/esp\/wp-json\/wp\/v2\/media?parent=6320"}],"curies":[{"name":"wp","href":"https:\/\/api.w.org\/{rel}","templated":true}]}}