{"id":6305,"date":"2024-09-08T16:37:51","date_gmt":"2024-09-08T19:37:51","guid":{"rendered":"https:\/\/www.barracoair.com\/?page_id=6305"},"modified":"2024-09-08T16:53:52","modified_gmt":"2024-09-08T19:53:52","slug":"fotografiaaerea","status":"publish","type":"page","link":"https:\/\/www.barracoair.com\/esp\/inicio\/trabajosaereos\/fotografiaaerea\/","title":{"rendered":"Fotograf\u00eda A\u00e9rea"},"content":{"rendered":"\t\t<div data-elementor-type=\"wp-page\" data-elementor-id=\"6305\" class=\"elementor elementor-6305\" data-elementor-post-type=\"page\">\n\t\t\t\t<div class=\"elementor-element elementor-element-7d548ce e-con-full e-flex e-con e-parent\" data-id=\"7d548ce\" data-element_type=\"container\" data-e-type=\"container\">\n\t\t<div class=\"elementor-element elementor-element-81a9134 e-con-full e-flex e-con e-child\" data-id=\"81a9134\" data-element_type=\"container\" data-e-type=\"container\" data-settings=\"{&quot;background_background&quot;:&quot;classic&quot;}\">\n\t\t<div class=\"elementor-element elementor-element-468bf401 e-con-full e-flex e-con e-child\" data-id=\"468bf401\" data-element_type=\"container\" data-e-type=\"container\">\n\t\t\t\t<div class=\"elementor-element elementor-element-3207a1db elementor-invisible elementor-widget elementor-widget-heading\" data-id=\"3207a1db\" data-element_type=\"widget\" data-e-type=\"widget\" data-settings=\"{&quot;_animation&quot;:&quot;slideInDown&quot;}\" data-widget_type=\"heading.default\">\n\t\t\t\t<div class=\"elementor-widget-container\">\n\t\t\t\t\t<h1 class=\"elementor-heading-title elementor-size-default\">Fotograf\u00eda A\u00e9rea<\/h1>\t\t\t\t<\/div>\n\t\t\t\t<\/div>\n\t\t\t\t<div class=\"elementor-element elementor-element-c40ae91 elementor-widget elementor-widget-text-editor\" data-id=\"c40ae91\" data-element_type=\"widget\" data-e-type=\"widget\" data-widget_type=\"text-editor.default\">\n\t\t\t\t<div class=\"elementor-widget-container\">\n\t\t\t\t\t\t\t\t\t<p>Nuestro servicio de fotograf\u00eda a\u00e9rea te permite capturar im\u00e1genes espectaculares desde el cielo, aprovechando la flexibilidad y versatilidad de nuestros helic\u00f3pteros para obtener tomas \u00fanicas y precisas. Con helic\u00f3pteros como el AS350 B3, podemos volar a baja altitud y en ubicaciones de dif\u00edcil acceso, brindando una plataforma estable para fot\u00f3grafos y cineastas.<\/p><p>Este servicio es ideal para producciones cinematogr\u00e1ficas, documentales, proyectos publicitarios, y estudios de paisaje o infraestructura. Nuestro equipo de pilotos trabaja en estrecha colaboraci\u00f3n con los fot\u00f3grafos para ajustar el vuelo y garantizar que se obtengan las mejores tomas posibles. Ya sea para proyectos art\u00edsticos o comerciales, la fotograf\u00eda a\u00e9rea ofrece una perspectiva \u00fanica e impresionante de cualquier escenario.<\/p>\t\t\t\t\t\t\t\t<\/div>\n\t\t\t\t<\/div>\n\t\t\t\t<div class=\"elementor-element elementor-element-5def8fd elementor-widget elementor-widget-button\" data-id=\"5def8fd\" data-element_type=\"widget\" data-e-type=\"widget\" data-widget_type=\"button.default\">\n\t\t\t\t<div class=\"elementor-widget-container\">\n\t\t\t\t\t\t\t\t\t<div class=\"elementor-button-wrapper\">\n\t\t\t\t\t<a class=\"elementor-button elementor-button-link elementor-size-sm elementor-animation-float\" href=\"https:\/\/www.barracoair.com\/contactanos\/\">\n\t\t\t\t\t\t<span class=\"elementor-button-content-wrapper\">\n\t\t\t\t\t\t<span class=\"elementor-button-icon\">\n\t\t\t\t<svg xmlns=\"http:\/\/www.w3.org\/2000\/svg\" id=\"e58557d6-aa1b-4b0c-8bc5-8e259947a37c\" data-name=\"Layer 1\" width=\"11\" height=\"11\" viewBox=\"0 0 11 11\"><polygon points=\"6 5 6 0 5 0 5 5 0 5 0 6 5 6 5 11 6 11 6 6 11 6 11 5 6 5\" style=\"fill-rule:evenodd\"><\/polygon><\/svg>\t\t\t<\/span>\n\t\t\t\t\t\t\t\t\t<span class=\"elementor-button-text\">cont\u00e1ctanos<\/span>\n\t\t\t\t\t<\/span>\n\t\t\t\t\t<\/a>\n\t\t\t\t<\/div>\n\t\t\t\t\t\t\t\t<\/div>\n\t\t\t\t<\/div>\n\t\t\t\t<\/div>\n\t\t\t\t<\/div>\n\t\t\t\t<\/div>\n\t\t\t\t<\/div>\n\t\t","protected":false},"excerpt":{"rendered":"<p>Fotograf\u00eda A\u00e9rea Nuestro servicio de fotograf\u00eda a\u00e9rea te permite capturar im\u00e1genes espectaculares desde el cielo, aprovechando la flexibilidad y versatilidad de nuestros helic\u00f3pteros para obtener tomas \u00fanicas y precisas. Con helic\u00f3pteros como el AS350 B3, podemos volar a baja altitud y en ubicaciones de dif\u00edcil acceso, brindando una plataforma estable para fot\u00f3grafos y cineastas. Este [&hellip;]<\/p>\n","protected":false},"author":3,"featured_media":0,"parent":5949,"menu_order":2,"comment_status":"closed","ping_status":"closed","template":"elementor_header_footer","meta":{"_joinchat":[],"footnotes":""},"class_list":["post-6305","page","type-page","status-publish","hentry"],"_links":{"self":[{"href":"https:\/\/www.barracoair.com\/esp\/wp-json\/wp\/v2\/pages\/6305","targetHints":{"allow":["GET"]}}],"collection":[{"href":"https:\/\/www.barracoair.com\/esp\/wp-json\/wp\/v2\/pages"}],"about":[{"href":"https:\/\/www.barracoair.com\/esp\/wp-json\/wp\/v2\/types\/page"}],"author":[{"embeddable":true,"href":"https:\/\/www.barracoair.com\/esp\/wp-json\/wp\/v2\/users\/3"}],"replies":[{"embeddable":true,"href":"https:\/\/www.barracoair.com\/esp\/wp-json\/wp\/v2\/comments?post=6305"}],"version-history":[{"count":4,"href":"https:\/\/www.barracoair.com\/esp\/wp-json\/wp\/v2\/pages\/6305\/revisions"}],"predecessor-version":[{"id":6319,"href":"https:\/\/www.barracoair.com\/esp\/wp-json\/wp\/v2\/pages\/6305\/revisions\/6319"}],"up":[{"embeddable":true,"href":"https:\/\/www.barracoair.com\/esp\/wp-json\/wp\/v2\/pages\/5949"}],"wp:attachment":[{"href":"https:\/\/www.barracoair.com\/esp\/wp-json\/wp\/v2\/media?parent=6305"}],"curies":[{"name":"wp","href":"https:\/\/api.w.org\/{rel}","templated":true}]}}