{"id":6303,"date":"2024-09-08T16:36:42","date_gmt":"2024-09-08T19:36:42","guid":{"rendered":"https:\/\/www.barracoair.com\/?page_id=6303"},"modified":"2024-09-08T16:47:47","modified_gmt":"2024-09-08T19:47:47","slug":"cargaexterna","status":"publish","type":"page","link":"https:\/\/www.barracoair.com\/esp\/inicio\/trabajosaereos\/cargaexterna\/","title":{"rendered":"Carga Externa"},"content":{"rendered":"\t\t<div data-elementor-type=\"wp-page\" data-elementor-id=\"6303\" class=\"elementor elementor-6303\" data-elementor-post-type=\"page\">\n\t\t\t\t<div class=\"elementor-element elementor-element-7d548ce e-con-full e-flex e-con e-parent\" data-id=\"7d548ce\" data-element_type=\"container\" data-e-type=\"container\">\n\t\t<div class=\"elementor-element elementor-element-81a9134 e-con-full e-flex e-con e-child\" data-id=\"81a9134\" data-element_type=\"container\" data-e-type=\"container\" data-settings=\"{&quot;background_background&quot;:&quot;classic&quot;}\">\n\t\t<div class=\"elementor-element elementor-element-468bf401 e-con-full e-flex e-con e-child\" data-id=\"468bf401\" data-element_type=\"container\" data-e-type=\"container\">\n\t\t\t\t<div class=\"elementor-element elementor-element-3207a1db elementor-invisible elementor-widget elementor-widget-heading\" data-id=\"3207a1db\" data-element_type=\"widget\" data-e-type=\"widget\" data-settings=\"{&quot;_animation&quot;:&quot;slideInDown&quot;}\" data-widget_type=\"heading.default\">\n\t\t\t\t<div class=\"elementor-widget-container\">\n\t\t\t\t\t<h1 class=\"elementor-heading-title elementor-size-default\">Carga Externa<\/h1>\t\t\t\t<\/div>\n\t\t\t\t<\/div>\n\t\t\t\t<div class=\"elementor-element elementor-element-c40ae91 elementor-widget elementor-widget-text-editor\" data-id=\"c40ae91\" data-element_type=\"widget\" data-e-type=\"widget\" data-widget_type=\"text-editor.default\">\n\t\t\t\t<div class=\"elementor-widget-container\">\n\t\t\t\t\t\t\t\t\t<p>El servicio de carga externa es ideal para transportar materiales voluminosos o pesados que no pueden ser llevados dentro de la aeronave. Utilizando un sistema de suspensi\u00f3n mediante cables, nuestros helic\u00f3pteros, como el AS350 B3, est\u00e1n equipados para levantar y trasladar cargas de hasta 1.400 kg de manera eficiente y segura, incluso en terrenos dif\u00edciles de acceder por tierra.<\/p>\n<p>Este tipo de operaci\u00f3n es ideal para proyectos en \u00e1reas remotas, como construcci\u00f3n, instalaci\u00f3n de torres de telecomunicaciones, transporte de suministros, o cualquier tipo de carga que requiera un manejo especializado. Nuestro equipo de pilotos experimentados y personal de tierra garantiza que la carga sea transportada con precisi\u00f3n, siguiendo estrictos protocolos de seguridad para minimizar riesgos y maximizar la eficiencia en cada vuelo.<\/p>\t\t\t\t\t\t\t\t<\/div>\n\t\t\t\t<\/div>\n\t\t\t\t<div class=\"elementor-element elementor-element-5def8fd elementor-widget elementor-widget-button\" data-id=\"5def8fd\" data-element_type=\"widget\" data-e-type=\"widget\" data-widget_type=\"button.default\">\n\t\t\t\t<div class=\"elementor-widget-container\">\n\t\t\t\t\t\t\t\t\t<div class=\"elementor-button-wrapper\">\n\t\t\t\t\t<a class=\"elementor-button elementor-button-link elementor-size-sm elementor-animation-float\" href=\"https:\/\/www.barracoair.com\/contactanos\/\">\n\t\t\t\t\t\t<span class=\"elementor-button-content-wrapper\">\n\t\t\t\t\t\t<span class=\"elementor-button-icon\">\n\t\t\t\t<svg xmlns=\"http:\/\/www.w3.org\/2000\/svg\" id=\"e58557d6-aa1b-4b0c-8bc5-8e259947a37c\" data-name=\"Layer 1\" width=\"11\" height=\"11\" viewBox=\"0 0 11 11\"><polygon points=\"6 5 6 0 5 0 5 5 0 5 0 6 5 6 5 11 6 11 6 6 11 6 11 5 6 5\" style=\"fill-rule:evenodd\"><\/polygon><\/svg>\t\t\t<\/span>\n\t\t\t\t\t\t\t\t\t<span class=\"elementor-button-text\">cont\u00e1ctanos<\/span>\n\t\t\t\t\t<\/span>\n\t\t\t\t\t<\/a>\n\t\t\t\t<\/div>\n\t\t\t\t\t\t\t\t<\/div>\n\t\t\t\t<\/div>\n\t\t\t\t<\/div>\n\t\t\t\t<\/div>\n\t\t\t\t<\/div>\n\t\t<div class=\"elementor-element elementor-element-7b3837b e-con-full e-flex e-con e-parent\" data-id=\"7b3837b\" data-element_type=\"container\" data-e-type=\"container\" data-settings=\"{&quot;background_background&quot;:&quot;classic&quot;}\">\n\t\t\t\t<\/div>\n\t\t\t\t<\/div>\n\t\t","protected":false},"excerpt":{"rendered":"<p>Carga Externa El servicio de carga externa es ideal para transportar materiales voluminosos o pesados que no pueden ser llevados dentro de la aeronave. Utilizando un sistema de suspensi\u00f3n mediante cables, nuestros helic\u00f3pteros, como el AS350 B3, est\u00e1n equipados para levantar y trasladar cargas de hasta 1.400 kg de manera eficiente y segura, incluso en [&hellip;]<\/p>\n","protected":false},"author":3,"featured_media":0,"parent":5949,"menu_order":1,"comment_status":"closed","ping_status":"closed","template":"elementor_header_footer","meta":{"_joinchat":[],"footnotes":""},"class_list":["post-6303","page","type-page","status-publish","hentry"],"_links":{"self":[{"href":"https:\/\/www.barracoair.com\/esp\/wp-json\/wp\/v2\/pages\/6303","targetHints":{"allow":["GET"]}}],"collection":[{"href":"https:\/\/www.barracoair.com\/esp\/wp-json\/wp\/v2\/pages"}],"about":[{"href":"https:\/\/www.barracoair.com\/esp\/wp-json\/wp\/v2\/types\/page"}],"author":[{"embeddable":true,"href":"https:\/\/www.barracoair.com\/esp\/wp-json\/wp\/v2\/users\/3"}],"replies":[{"embeddable":true,"href":"https:\/\/www.barracoair.com\/esp\/wp-json\/wp\/v2\/comments?post=6303"}],"version-history":[{"count":4,"href":"https:\/\/www.barracoair.com\/esp\/wp-json\/wp\/v2\/pages\/6303\/revisions"}],"predecessor-version":[{"id":6316,"href":"https:\/\/www.barracoair.com\/esp\/wp-json\/wp\/v2\/pages\/6303\/revisions\/6316"}],"up":[{"embeddable":true,"href":"https:\/\/www.barracoair.com\/esp\/wp-json\/wp\/v2\/pages\/5949"}],"wp:attachment":[{"href":"https:\/\/www.barracoair.com\/esp\/wp-json\/wp\/v2\/media?parent=6303"}],"curies":[{"name":"wp","href":"https:\/\/api.w.org\/{rel}","templated":true}]}}