{"id":6255,"date":"2024-09-08T15:47:48","date_gmt":"2024-09-08T18:47:48","guid":{"rendered":"https:\/\/www.barracoair.com\/?page_id=6255"},"modified":"2024-09-08T21:24:16","modified_gmt":"2024-09-09T00:24:16","slug":"helibiking","status":"publish","type":"page","link":"https:\/\/www.barracoair.com\/esp\/inicio\/turismoaventura\/helibiking\/","title":{"rendered":"Helibiking"},"content":{"rendered":"\t\t<div data-elementor-type=\"wp-page\" data-elementor-id=\"6255\" class=\"elementor elementor-6255\" data-elementor-post-type=\"page\">\n\t\t\t\t<div class=\"elementor-element elementor-element-7d548ce e-con-full e-flex e-con e-parent\" data-id=\"7d548ce\" data-element_type=\"container\" data-e-type=\"container\">\n\t\t<div class=\"elementor-element elementor-element-81a9134 e-con-full e-flex e-con e-child\" data-id=\"81a9134\" data-element_type=\"container\" data-e-type=\"container\" data-settings=\"{&quot;background_background&quot;:&quot;classic&quot;}\">\n\t\t<div class=\"elementor-element elementor-element-468bf401 e-con-full e-flex e-con e-child\" data-id=\"468bf401\" data-element_type=\"container\" data-e-type=\"container\">\n\t\t\t\t<div class=\"elementor-element elementor-element-3207a1db elementor-invisible elementor-widget elementor-widget-heading\" data-id=\"3207a1db\" data-element_type=\"widget\" data-e-type=\"widget\" data-settings=\"{&quot;_animation&quot;:&quot;slideInDown&quot;}\" data-widget_type=\"heading.default\">\n\t\t\t\t<div class=\"elementor-widget-container\">\n\t\t\t\t\t<h1 class=\"elementor-heading-title elementor-size-default\">Helibiking<\/h1>\t\t\t\t<\/div>\n\t\t\t\t<\/div>\n\t\t\t\t<div class=\"elementor-element elementor-element-2c19c431 elementor-widget elementor-widget-text-editor\" data-id=\"2c19c431\" data-element_type=\"widget\" data-e-type=\"widget\" data-widget_type=\"text-editor.default\">\n\t\t\t\t<div class=\"elementor-widget-container\">\n\t\t\t\t\t\t\t\t\t<p>Nuestros helic\u00f3pteros te transportan a cumbres y senderos inaccesibles por tierra, ofreci\u00e9ndote una experiencia de ciclismo de monta\u00f1a sin igual en lugares v\u00edrgenes y terrenos espectaculares. Cada aventura est\u00e1 cuidadosamente planificada y guiada por un experto local que conoce a fondo la regi\u00f3n, asegurando una experiencia segura y adaptada a tus habilidades y preferencias.<\/p><p>Disfruta de la belleza natural de la Patagonia mientras exploras rutas inexploradas y desafiantes. Nuestro servicio de heli-biking combina la emoci\u00f3n del ciclismo con la posibilidad de acceder a paisajes \u00fanicos, lejos de las rutas tur\u00edsticas habituales. Vive una jornada inolvidable en bicicleta en algunos de los escenarios m\u00e1s impresionantes del mundo, con un enfoque personalizado y profesional para cada grupo.<\/p>\t\t\t\t\t\t\t\t<\/div>\n\t\t\t\t<\/div>\n\t\t\t\t<div class=\"elementor-element elementor-element-d376a58 elementor-widget elementor-widget-button\" data-id=\"d376a58\" data-element_type=\"widget\" data-e-type=\"widget\" data-widget_type=\"button.default\">\n\t\t\t\t<div class=\"elementor-widget-container\">\n\t\t\t\t\t\t\t\t\t<div class=\"elementor-button-wrapper\">\n\t\t\t\t\t<a class=\"elementor-button elementor-button-link elementor-size-sm elementor-animation-float\" href=\"https:\/\/www.barracoair.com\/reserva\/\">\n\t\t\t\t\t\t<span class=\"elementor-button-content-wrapper\">\n\t\t\t\t\t\t<span class=\"elementor-button-icon\">\n\t\t\t\t<svg xmlns=\"http:\/\/www.w3.org\/2000\/svg\" id=\"e58557d6-aa1b-4b0c-8bc5-8e259947a37c\" data-name=\"Layer 1\" width=\"11\" height=\"11\" viewBox=\"0 0 11 11\"><polygon points=\"6 5 6 0 5 0 5 5 0 5 0 6 5 6 5 11 6 11 6 6 11 6 11 5 6 5\" style=\"fill-rule:evenodd\"><\/polygon><\/svg>\t\t\t<\/span>\n\t\t\t\t\t\t\t\t\t<span class=\"elementor-button-text\">Reserva tu experiencia<\/span>\n\t\t\t\t\t<\/span>\n\t\t\t\t\t<\/a>\n\t\t\t\t<\/div>\n\t\t\t\t\t\t\t\t<\/div>\n\t\t\t\t<\/div>\n\t\t\t\t<\/div>\n\t\t\t\t<\/div>\n\t\t\t\t<\/div>\n\t\t<div class=\"elementor-element elementor-element-0be0a2e e-con-full e-flex e-con e-parent\" data-id=\"0be0a2e\" data-element_type=\"container\" data-e-type=\"container\">\n\t\t<div class=\"elementor-element elementor-element-657e123 e-con-full e-flex e-con e-child\" data-id=\"657e123\" data-element_type=\"container\" data-e-type=\"container\" data-settings=\"{&quot;background_background&quot;:&quot;classic&quot;}\">\n\t\t\t\t<\/div>\n\t\t\t\t<\/div>\n\t\t\t\t<\/div>\n\t\t","protected":false},"excerpt":{"rendered":"<p>Helibiking Nuestros helic\u00f3pteros te transportan a cumbres y senderos inaccesibles por tierra, ofreci\u00e9ndote una experiencia de ciclismo de monta\u00f1a sin igual en lugares v\u00edrgenes y terrenos espectaculares. Cada aventura est\u00e1 cuidadosamente planificada y guiada por un experto local que conoce a fondo la regi\u00f3n, asegurando una experiencia segura y adaptada a tus habilidades y preferencias. [&hellip;]<\/p>\n","protected":false},"author":3,"featured_media":0,"parent":5961,"menu_order":5,"comment_status":"closed","ping_status":"closed","template":"elementor_header_footer","meta":{"_joinchat":[],"footnotes":""},"class_list":["post-6255","page","type-page","status-publish","hentry"],"_links":{"self":[{"href":"https:\/\/www.barracoair.com\/esp\/wp-json\/wp\/v2\/pages\/6255","targetHints":{"allow":["GET"]}}],"collection":[{"href":"https:\/\/www.barracoair.com\/esp\/wp-json\/wp\/v2\/pages"}],"about":[{"href":"https:\/\/www.barracoair.com\/esp\/wp-json\/wp\/v2\/types\/page"}],"author":[{"embeddable":true,"href":"https:\/\/www.barracoair.com\/esp\/wp-json\/wp\/v2\/users\/3"}],"replies":[{"embeddable":true,"href":"https:\/\/www.barracoair.com\/esp\/wp-json\/wp\/v2\/comments?post=6255"}],"version-history":[{"count":4,"href":"https:\/\/www.barracoair.com\/esp\/wp-json\/wp\/v2\/pages\/6255\/revisions"}],"predecessor-version":[{"id":6260,"href":"https:\/\/www.barracoair.com\/esp\/wp-json\/wp\/v2\/pages\/6255\/revisions\/6260"}],"up":[{"embeddable":true,"href":"https:\/\/www.barracoair.com\/esp\/wp-json\/wp\/v2\/pages\/5961"}],"wp:attachment":[{"href":"https:\/\/www.barracoair.com\/esp\/wp-json\/wp\/v2\/media?parent=6255"}],"curies":[{"name":"wp","href":"https:\/\/api.w.org\/{rel}","templated":true}]}}