{"id":6139,"date":"2024-09-07T17:04:00","date_gmt":"2024-09-07T20:04:00","guid":{"rendered":"https:\/\/www.barracoair.com\/?page_id=6139"},"modified":"2024-09-08T15:05:52","modified_gmt":"2024-09-08T18:05:52","slug":"trekking","status":"publish","type":"page","link":"https:\/\/www.barracoair.com\/esp\/inicio\/turismoaventura\/trekking\/","title":{"rendered":"Trekking"},"content":{"rendered":"\t\t<div data-elementor-type=\"wp-page\" data-elementor-id=\"6139\" class=\"elementor elementor-6139\" data-elementor-post-type=\"page\">\n\t\t\t\t<div class=\"elementor-element elementor-element-7d548ce e-con-full e-flex e-con e-parent\" data-id=\"7d548ce\" data-element_type=\"container\" data-e-type=\"container\">\n\t\t<div class=\"elementor-element elementor-element-81a9134 e-con-full e-flex e-con e-child\" data-id=\"81a9134\" data-element_type=\"container\" data-e-type=\"container\" data-settings=\"{&quot;background_background&quot;:&quot;classic&quot;}\">\n\t\t<div class=\"elementor-element elementor-element-468bf401 e-con-full e-flex e-con e-child\" data-id=\"468bf401\" data-element_type=\"container\" data-e-type=\"container\">\n\t\t\t\t<div class=\"elementor-element elementor-element-3207a1db elementor-invisible elementor-widget elementor-widget-heading\" data-id=\"3207a1db\" data-element_type=\"widget\" data-e-type=\"widget\" data-settings=\"{&quot;_animation&quot;:&quot;slideInDown&quot;}\" data-widget_type=\"heading.default\">\n\t\t\t\t<div class=\"elementor-widget-container\">\n\t\t\t\t\t<h1 class=\"elementor-heading-title elementor-size-default\">Trekking<\/h1>\t\t\t\t<\/div>\n\t\t\t\t<\/div>\n\t\t\t\t<div class=\"elementor-element elementor-element-2c19c431 elementor-widget elementor-widget-text-editor\" data-id=\"2c19c431\" data-element_type=\"widget\" data-e-type=\"widget\" data-widget_type=\"text-editor.default\">\n\t\t\t\t<div class=\"elementor-widget-container\">\n\t\t\t\t\t\t\t\t\t<p>Despierta en la comodidad de tu casa u hotel y s\u00fabete a nuestro helic\u00f3ptero para comenzar una aventura de trekking en plena naturaleza.<\/p><p>Explora senderos que atraviesan valles y monta\u00f1as, con opciones de dificultad variadas. Disfruta de paisajes impresionantes y la tranquilidad del entorno. Al final del d\u00eda, nuestra aeronave te llevar\u00e1 de vuelta a tu hotel o casa.<\/p>\t\t\t\t\t\t\t\t<\/div>\n\t\t\t\t<\/div>\n\t\t\t\t<div class=\"elementor-element elementor-element-d376a58 elementor-widget elementor-widget-button\" data-id=\"d376a58\" data-element_type=\"widget\" data-e-type=\"widget\" data-widget_type=\"button.default\">\n\t\t\t\t<div class=\"elementor-widget-container\">\n\t\t\t\t\t\t\t\t\t<div class=\"elementor-button-wrapper\">\n\t\t\t\t\t<a class=\"elementor-button elementor-button-link elementor-size-sm elementor-animation-float\" href=\"https:\/\/www.barracoair.com\/reserva\/\">\n\t\t\t\t\t\t<span class=\"elementor-button-content-wrapper\">\n\t\t\t\t\t\t<span class=\"elementor-button-icon\">\n\t\t\t\t<svg xmlns=\"http:\/\/www.w3.org\/2000\/svg\" id=\"e58557d6-aa1b-4b0c-8bc5-8e259947a37c\" data-name=\"Layer 1\" width=\"11\" height=\"11\" viewBox=\"0 0 11 11\"><polygon points=\"6 5 6 0 5 0 5 5 0 5 0 6 5 6 5 11 6 11 6 6 11 6 11 5 6 5\" style=\"fill-rule:evenodd\"><\/polygon><\/svg>\t\t\t<\/span>\n\t\t\t\t\t\t\t\t\t<span class=\"elementor-button-text\">Reserva tu experiencia<\/span>\n\t\t\t\t\t<\/span>\n\t\t\t\t\t<\/a>\n\t\t\t\t<\/div>\n\t\t\t\t\t\t\t\t<\/div>\n\t\t\t\t<\/div>\n\t\t\t\t<\/div>\n\t\t\t\t<\/div>\n\t\t\t\t<\/div>\n\t\t\t\t<\/div>\n\t\t","protected":false},"excerpt":{"rendered":"<p>Trekking Despierta en la comodidad de tu casa u hotel y s\u00fabete a nuestro helic\u00f3ptero para comenzar una aventura de trekking en plena naturaleza. Explora senderos que atraviesan valles y monta\u00f1as, con opciones de dificultad variadas. Disfruta de paisajes impresionantes y la tranquilidad del entorno. Al final del d\u00eda, nuestra aeronave te llevar\u00e1 de vuelta [&hellip;]<\/p>\n","protected":false},"author":3,"featured_media":0,"parent":5961,"menu_order":2,"comment_status":"closed","ping_status":"closed","template":"elementor_header_footer","meta":{"_joinchat":[],"footnotes":""},"class_list":["post-6139","page","type-page","status-publish","hentry"],"_links":{"self":[{"href":"https:\/\/www.barracoair.com\/esp\/wp-json\/wp\/v2\/pages\/6139","targetHints":{"allow":["GET"]}}],"collection":[{"href":"https:\/\/www.barracoair.com\/esp\/wp-json\/wp\/v2\/pages"}],"about":[{"href":"https:\/\/www.barracoair.com\/esp\/wp-json\/wp\/v2\/types\/page"}],"author":[{"embeddable":true,"href":"https:\/\/www.barracoair.com\/esp\/wp-json\/wp\/v2\/users\/3"}],"replies":[{"embeddable":true,"href":"https:\/\/www.barracoair.com\/esp\/wp-json\/wp\/v2\/comments?post=6139"}],"version-history":[{"count":7,"href":"https:\/\/www.barracoair.com\/esp\/wp-json\/wp\/v2\/pages\/6139\/revisions"}],"predecessor-version":[{"id":6170,"href":"https:\/\/www.barracoair.com\/esp\/wp-json\/wp\/v2\/pages\/6139\/revisions\/6170"}],"up":[{"embeddable":true,"href":"https:\/\/www.barracoair.com\/esp\/wp-json\/wp\/v2\/pages\/5961"}],"wp:attachment":[{"href":"https:\/\/www.barracoair.com\/esp\/wp-json\/wp\/v2\/media?parent=6139"}],"curies":[{"name":"wp","href":"https:\/\/api.w.org\/{rel}","templated":true}]}}