{"id":6126,"date":"2024-09-07T14:41:59","date_gmt":"2024-09-07T17:41:59","guid":{"rendered":"https:\/\/www.barracoair.com\/?page_id=6126"},"modified":"2024-09-11T20:04:47","modified_gmt":"2024-09-11T23:04:47","slug":"charter","status":"publish","type":"page","link":"https:\/\/www.barracoair.com\/esp\/inicio\/charter\/","title":{"rendered":"Charter"},"content":{"rendered":"\t\t<div data-elementor-type=\"wp-page\" data-elementor-id=\"6126\" class=\"elementor elementor-6126\" data-elementor-post-type=\"page\">\n\t\t\t\t<div class=\"elementor-element elementor-element-7d548ce e-con-full e-flex e-con e-parent\" data-id=\"7d548ce\" data-element_type=\"container\" data-e-type=\"container\">\n\t\t<div class=\"elementor-element elementor-element-81a9134 e-con-full e-flex e-con e-child\" data-id=\"81a9134\" data-element_type=\"container\" data-e-type=\"container\" data-settings=\"{&quot;background_background&quot;:&quot;classic&quot;}\">\n\t\t<div class=\"elementor-element elementor-element-468bf401 e-con-full e-flex e-con e-child\" data-id=\"468bf401\" data-element_type=\"container\" data-e-type=\"container\">\n\t\t\t\t<div class=\"elementor-element elementor-element-3207a1db elementor-invisible elementor-widget elementor-widget-heading\" data-id=\"3207a1db\" data-element_type=\"widget\" data-e-type=\"widget\" data-settings=\"{&quot;_animation&quot;:&quot;slideInDown&quot;}\" data-widget_type=\"heading.default\">\n\t\t\t\t<div class=\"elementor-widget-container\">\n\t\t\t\t\t<h1 class=\"elementor-heading-title elementor-size-default\">charter.<\/h1>\t\t\t\t<\/div>\n\t\t\t\t<\/div>\n\t\t\t\t<div class=\"elementor-element elementor-element-2c19c431 elementor-widget elementor-widget-text-editor\" data-id=\"2c19c431\" data-element_type=\"widget\" data-e-type=\"widget\" data-widget_type=\"text-editor.default\">\n\t\t\t\t<div class=\"elementor-widget-container\">\n\t\t\t\t\t\t\t\t\t<p>Ofrecemos traslados punto a punto en toda la Patagonia Norte, adapt\u00e1ndonos a tus necesidades.<\/p><p>Con nuestras cabinas VIP, cada vuelo es tranquilo, seguro y cargado de impresionantes vistas.<\/p><p>Te invitamos a explorar nuestras opciones y descubrir c\u00f3mo podemos hacer tu viaje extraordinario.<\/p>\t\t\t\t\t\t\t\t<\/div>\n\t\t\t\t<\/div>\n\t\t\t\t<div class=\"elementor-element elementor-element-5def8fd elementor-widget elementor-widget-button\" data-id=\"5def8fd\" data-element_type=\"widget\" data-e-type=\"widget\" data-widget_type=\"button.default\">\n\t\t\t\t<div class=\"elementor-widget-container\">\n\t\t\t\t\t\t\t\t\t<div class=\"elementor-button-wrapper\">\n\t\t\t\t\t<a class=\"elementor-button elementor-button-link elementor-size-sm elementor-animation-float\" href=\"https:\/\/www.barracoair.com\/reserva\/\">\n\t\t\t\t\t\t<span class=\"elementor-button-content-wrapper\">\n\t\t\t\t\t\t<span class=\"elementor-button-icon\">\n\t\t\t\t<svg xmlns=\"http:\/\/www.w3.org\/2000\/svg\" id=\"e58557d6-aa1b-4b0c-8bc5-8e259947a37c\" data-name=\"Layer 1\" width=\"11\" height=\"11\" viewBox=\"0 0 11 11\"><polygon points=\"6 5 6 0 5 0 5 5 0 5 0 6 5 6 5 11 6 11 6 6 11 6 11 5 6 5\" style=\"fill-rule:evenodd\"><\/polygon><\/svg>\t\t\t<\/span>\n\t\t\t\t\t\t\t\t\t<span class=\"elementor-button-text\">Reserva tu vuelo<\/span>\n\t\t\t\t\t<\/span>\n\t\t\t\t\t<\/a>\n\t\t\t\t<\/div>\n\t\t\t\t\t\t\t\t<\/div>\n\t\t\t\t<\/div>\n\t\t\t\t<\/div>\n\t\t\t\t<\/div>\n\t\t\t\t<\/div>\n\t\t<div class=\"elementor-element elementor-element-7b3837b e-con-full e-flex e-con e-parent\" data-id=\"7b3837b\" data-element_type=\"container\" data-e-type=\"container\" data-settings=\"{&quot;background_background&quot;:&quot;classic&quot;}\">\n\t\t\t\t<div class=\"elementor-element elementor-element-869cc26 elementor-widget__width-initial elementor-widget-mobile__width-inherit elementor-invisible elementor-widget elementor-widget-icon-box\" data-id=\"869cc26\" data-element_type=\"widget\" data-e-type=\"widget\" data-settings=\"{&quot;_animation&quot;:&quot;fadeIn&quot;}\" data-widget_type=\"icon-box.default\">\n\t\t\t\t<div class=\"elementor-widget-container\">\n\t\t\t\t\t\t\t<div class=\"elementor-icon-box-wrapper\">\n\n\t\t\t\n\t\t\t\t\t\t<div class=\"elementor-icon-box-content\">\n\n\t\t\t\t\t\t\t\t\t<h3 class=\"elementor-icon-box-title\">\n\t\t\t\t\t\t<span  >\n\t\t\t\t\t\t\tvUELOS DE un d\u00eda\t\t\t\t\t\t<\/span>\n\t\t\t\t\t<\/h3>\n\t\t\t\t\n\t\t\t\t\t\t\t\t\t<p class=\"elementor-icon-box-description\">\n\t\t\t\t\t\tOfrecemos vuelos de un d\u00eda, asegurando un traslado r\u00e1pido, seguro y eficaz de un punto a otro.\t\t\t\t\t<\/p>\n\t\t\t\t\n\t\t\t<\/div>\n\t\t\t\n\t\t<\/div>\n\t\t\t\t\t\t<\/div>\n\t\t\t\t<\/div>\n\t\t\t\t<\/div>\n\t\t<div class=\"elementor-element elementor-element-1912b578 e-con-full e-flex e-con e-parent\" data-id=\"1912b578\" data-element_type=\"container\" data-e-type=\"container\" data-settings=\"{&quot;background_background&quot;:&quot;classic&quot;}\">\n\t\t\t\t<div class=\"elementor-element elementor-element-19970368 elementor-widget__width-initial elementor-widget-mobile__width-inherit elementor-invisible elementor-widget elementor-widget-icon-box\" data-id=\"19970368\" data-element_type=\"widget\" data-e-type=\"widget\" data-settings=\"{&quot;_animation&quot;:&quot;fadeIn&quot;}\" data-widget_type=\"icon-box.default\">\n\t\t\t\t<div class=\"elementor-widget-container\">\n\t\t\t\t\t\t\t<div class=\"elementor-icon-box-wrapper\">\n\n\t\t\t\n\t\t\t\t\t\t<div class=\"elementor-icon-box-content\">\n\n\t\t\t\t\t\t\t\t\t<h3 class=\"elementor-icon-box-title\">\n\t\t\t\t\t\t<span  >\n\t\t\t\t\t\t\tvUELOS DE VARIOS D\u00cdAS\t\t\t\t\t\t<\/span>\n\t\t\t\t\t<\/h3>\n\t\t\t\t\n\t\t\t\t\t\t\t\t\t<p class=\"elementor-icon-box-description\">\n\t\t\t\t\t\tTe ofrecemos una aeronave con todo lo necesario: piloto, mec\u00e1nico, combustible y m\u00e1s, para que puedas llevar a cabo tu programa de vuelo sin preocupaciones.\t\t\t\t\t<\/p>\n\t\t\t\t\n\t\t\t<\/div>\n\t\t\t\n\t\t<\/div>\n\t\t\t\t\t\t<\/div>\n\t\t\t\t<\/div>\n\t\t\t\t<\/div>\n\t\t\t\t<\/div>\n\t\t","protected":false},"excerpt":{"rendered":"<p>charter. Ofrecemos traslados punto a punto en toda la Patagonia Norte, adapt\u00e1ndonos a tus necesidades. Con nuestras cabinas VIP, cada vuelo es tranquilo, seguro y cargado de impresionantes vistas. Te invitamos a explorar nuestras opciones y descubrir c\u00f3mo podemos hacer tu viaje extraordinario. Reserva tu vuelo vUELOS DE un d\u00eda Ofrecemos vuelos de un d\u00eda, [&hellip;]<\/p>\n","protected":false},"author":3,"featured_media":0,"parent":5979,"menu_order":3,"comment_status":"closed","ping_status":"closed","template":"elementor_header_footer","meta":{"_joinchat":[],"footnotes":""},"class_list":["post-6126","page","type-page","status-publish","hentry"],"_links":{"self":[{"href":"https:\/\/www.barracoair.com\/esp\/wp-json\/wp\/v2\/pages\/6126","targetHints":{"allow":["GET"]}}],"collection":[{"href":"https:\/\/www.barracoair.com\/esp\/wp-json\/wp\/v2\/pages"}],"about":[{"href":"https:\/\/www.barracoair.com\/esp\/wp-json\/wp\/v2\/types\/page"}],"author":[{"embeddable":true,"href":"https:\/\/www.barracoair.com\/esp\/wp-json\/wp\/v2\/users\/3"}],"replies":[{"embeddable":true,"href":"https:\/\/www.barracoair.com\/esp\/wp-json\/wp\/v2\/comments?post=6126"}],"version-history":[{"count":38,"href":"https:\/\/www.barracoair.com\/esp\/wp-json\/wp\/v2\/pages\/6126\/revisions"}],"predecessor-version":[{"id":6513,"href":"https:\/\/www.barracoair.com\/esp\/wp-json\/wp\/v2\/pages\/6126\/revisions\/6513"}],"up":[{"embeddable":true,"href":"https:\/\/www.barracoair.com\/esp\/wp-json\/wp\/v2\/pages\/5979"}],"wp:attachment":[{"href":"https:\/\/www.barracoair.com\/esp\/wp-json\/wp\/v2\/media?parent=6126"}],"curies":[{"name":"wp","href":"https:\/\/api.w.org\/{rel}","templated":true}]}}