{"id":6254,"date":"2024-09-08T15:58:50","date_gmt":"2024-09-08T18:58:50","guid":{"rendered":"https:\/\/www.barracoair.com\/?page_id=6254"},"modified":"2024-09-11T19:55:37","modified_gmt":"2024-09-11T22:55:37","slug":"heli_fishing","status":"publish","type":"page","link":"https:\/\/www.barracoair.com\/eng\/inicio\/turismoaventura\/heli_fishing\/","title":{"rendered":"Helifishing"},"content":{"rendered":"<div data-elementor-type=\"wp-page\" data-elementor-id=\"6254\" class=\"elementor elementor-6254\" data-elementor-post-type=\"page\">\n\t\t\t\t<div class=\"elementor-element elementor-element-7d548ce e-con-full e-flex e-con e-parent\" data-id=\"7d548ce\" data-element_type=\"container\" data-e-type=\"container\">\n\t\t<div class=\"elementor-element elementor-element-81a9134 e-con-full e-flex e-con e-child\" data-id=\"81a9134\" data-element_type=\"container\" data-e-type=\"container\" data-settings=\"{&quot;background_background&quot;:&quot;classic&quot;}\">\n\t\t<div class=\"elementor-element elementor-element-468bf401 e-con-full e-flex e-con e-child\" data-id=\"468bf401\" data-element_type=\"container\" data-e-type=\"container\">\n\t\t\t\t<div class=\"elementor-element elementor-element-3207a1db elementor-invisible elementor-widget elementor-widget-heading\" data-id=\"3207a1db\" data-element_type=\"widget\" data-e-type=\"widget\" data-settings=\"{&quot;_animation&quot;:&quot;slideInDown&quot;}\" data-widget_type=\"heading.default\">\n\t\t\t\t<div class=\"elementor-widget-container\">\n\t\t\t\t\t<h1 class=\"elementor-heading-title elementor-size-default\">Helifishing<\/h1>\t\t\t\t<\/div>\n\t\t\t\t<\/div>\n\t\t\t\t<div class=\"elementor-element elementor-element-2c19c431 elementor-widget elementor-widget-text-editor\" data-id=\"2c19c431\" data-element_type=\"widget\" data-e-type=\"widget\" data-widget_type=\"text-editor.default\">\n\t\t\t\t<div class=\"elementor-widget-container\">\n\t\t\t\t\t\t\t\t\t<p>Our helicopters take you to the most remote and inaccessible rivers and lakes in Patagonia, offering you a unique fishing experience in pristine and tranquil landscapes. With the help of an expert guide, each heli-fishing adventure is carefully planned to guarantee a successful and safe journey, adapted to your skills and preferences.<\/p><p>Enjoy fishing in unexplored places, away from the crowds, and access pristine waters with abundant aquatic wildlife. Our heli-fishing service combines the thrill of flying over spectacular landscapes with the tranquility of fishing in exclusive natural environments. Live an unforgettable experience in the best fishing scenarios in the world, with a personalized and professional approach for each group.<\/p>\t\t\t\t\t\t\t\t<\/div>\n\t\t\t\t<\/div>\n\t\t\t\t<div class=\"elementor-element elementor-element-d376a58 elementor-widget elementor-widget-button\" data-id=\"d376a58\" data-element_type=\"widget\" data-e-type=\"widget\" data-widget_type=\"button.default\">\n\t\t\t\t<div class=\"elementor-widget-container\">\n\t\t\t\t\t\t\t\t\t<div class=\"elementor-button-wrapper\">\n\t\t\t\t\t<a class=\"elementor-button elementor-button-link elementor-size-sm elementor-animation-float\" href=\"https:\/\/www.barracoair.com\/eng\/reserva\/\">\n\t\t\t\t\t\t<span class=\"elementor-button-content-wrapper\">\n\t\t\t\t\t\t<span class=\"elementor-button-icon\">\n\t\t\t\t<svg xmlns=\"http:\/\/www.w3.org\/2000\/svg\" id=\"e58557d6-aa1b-4b0c-8bc5-8e259947a37c\" data-name=\"Layer 1\" width=\"11\" height=\"11\" viewbox=\"0 0 11 11\"><polygon points=\"6 5 6 0 5 0 5 5 0 5 0 6 5 6 5 11 6 11 6 6 11 6 11 5 6 5\" style=\"fill-rule:evenodd\"><\/polygon><\/svg>\t\t\t<\/span>\n\t\t\t\t\t\t\t\t\t<span class=\"elementor-button-text\">Book your experience<\/span>\n\t\t\t\t\t<\/span>\n\t\t\t\t\t<\/a>\n\t\t\t\t<\/div>\n\t\t\t\t\t\t\t\t<\/div>\n\t\t\t\t<\/div>\n\t\t\t\t<\/div>\n\t\t\t\t<\/div>\n\t\t\t\t<\/div>\n\t\t<div class=\"elementor-element elementor-element-0be0a2e e-con-full e-flex e-con e-parent\" data-id=\"0be0a2e\" data-element_type=\"container\" data-e-type=\"container\">\n\t\t<div class=\"elementor-element elementor-element-657e123 e-con-full e-flex e-con e-child\" data-id=\"657e123\" data-element_type=\"container\" data-e-type=\"container\" data-settings=\"{&quot;background_background&quot;:&quot;classic&quot;}\">\n\t\t\t\t<\/div>\n\t\t\t\t<\/div>\n\t\t\t\t<\/div>","protected":false},"excerpt":{"rendered":"<p>Helifishing Nuestros helic\u00f3pteros te llevan a los r\u00edos y lagos m\u00e1s remotos e inaccesibles de la Patagonia, ofreci\u00e9ndote una experiencia de pesca \u00fanica en paisajes v\u00edrgenes y tranquilos. Con la ayuda de un gu\u00eda experto, cada aventura de heli-fishing est\u00e1 cuidadosamente planificada para garantizar una jornada exitosa, segura y adaptada a tus habilidades y preferencias. [&hellip;]<\/p>\n","protected":false},"author":3,"featured_media":0,"parent":5961,"menu_order":4,"comment_status":"closed","ping_status":"closed","template":"elementor_header_footer","meta":{"_joinchat":[],"footnotes":""},"class_list":["post-6254","page","type-page","status-publish","hentry"],"_links":{"self":[{"href":"https:\/\/www.barracoair.com\/eng\/wp-json\/wp\/v2\/pages\/6254","targetHints":{"allow":["GET"]}}],"collection":[{"href":"https:\/\/www.barracoair.com\/eng\/wp-json\/wp\/v2\/pages"}],"about":[{"href":"https:\/\/www.barracoair.com\/eng\/wp-json\/wp\/v2\/types\/page"}],"author":[{"embeddable":true,"href":"https:\/\/www.barracoair.com\/eng\/wp-json\/wp\/v2\/users\/3"}],"replies":[{"embeddable":true,"href":"https:\/\/www.barracoair.com\/eng\/wp-json\/wp\/v2\/comments?post=6254"}],"version-history":[{"count":7,"href":"https:\/\/www.barracoair.com\/eng\/wp-json\/wp\/v2\/pages\/6254\/revisions"}],"predecessor-version":[{"id":6495,"href":"https:\/\/www.barracoair.com\/eng\/wp-json\/wp\/v2\/pages\/6254\/revisions\/6495"}],"up":[{"embeddable":true,"href":"https:\/\/www.barracoair.com\/eng\/wp-json\/wp\/v2\/pages\/5961"}],"wp:attachment":[{"href":"https:\/\/www.barracoair.com\/eng\/wp-json\/wp\/v2\/media?parent=6254"}],"curies":[{"name":"wp","href":"https:\/\/api.w.org\/{rel}","templated":true}]}}