{"id":6142,"date":"2024-09-08T10:27:31","date_gmt":"2024-09-08T13:27:31","guid":{"rendered":"https:\/\/www.barracoair.com\/?page_id=6142"},"modified":"2024-09-08T16:38:49","modified_gmt":"2024-09-08T19:38:49","slug":"extinciondeincendios","status":"publish","type":"page","link":"https:\/\/www.barracoair.com\/eng\/inicio\/trabajosaereos\/extinciondeincendios\/","title":{"rendered":"Extinci\u00f3n de Incendios"},"content":{"rendered":"<div data-elementor-type=\"wp-page\" data-elementor-id=\"6142\" class=\"elementor elementor-6142\" data-elementor-post-type=\"page\">\n\t\t\t\t<div class=\"elementor-element elementor-element-7d548ce e-con-full e-flex e-con e-parent\" data-id=\"7d548ce\" data-element_type=\"container\" data-e-type=\"container\">\n\t\t<div class=\"elementor-element elementor-element-81a9134 e-con-full e-flex e-con e-child\" data-id=\"81a9134\" data-element_type=\"container\" data-e-type=\"container\" data-settings=\"{&quot;background_background&quot;:&quot;classic&quot;}\">\n\t\t<div class=\"elementor-element elementor-element-468bf401 e-con-full e-flex e-con e-child\" data-id=\"468bf401\" data-element_type=\"container\" data-e-type=\"container\">\n\t\t\t\t<div class=\"elementor-element elementor-element-3207a1db elementor-invisible elementor-widget elementor-widget-heading\" data-id=\"3207a1db\" data-element_type=\"widget\" data-e-type=\"widget\" data-settings=\"{&quot;_animation&quot;:&quot;slideInDown&quot;}\" data-widget_type=\"heading.default\">\n\t\t\t\t<div class=\"elementor-widget-container\">\n\t\t\t\t\t<h1 class=\"elementor-heading-title elementor-size-default\">Firefighting<\/h1>\t\t\t\t<\/div>\n\t\t\t\t<\/div>\n\t\t\t\t<div class=\"elementor-element elementor-element-5def8fd elementor-widget elementor-widget-button\" data-id=\"5def8fd\" data-element_type=\"widget\" data-e-type=\"widget\" data-widget_type=\"button.default\">\n\t\t\t\t<div class=\"elementor-widget-container\">\n\t\t\t\t\t\t\t\t\t<div class=\"elementor-button-wrapper\">\n\t\t\t\t\t<a class=\"elementor-button elementor-button-link elementor-size-sm elementor-animation-float\" href=\"https:\/\/www.barracoair.com\/eng\/contactanos\/\">\n\t\t\t\t\t\t<span class=\"elementor-button-content-wrapper\">\n\t\t\t\t\t\t<span class=\"elementor-button-icon\">\n\t\t\t\t<svg xmlns=\"http:\/\/www.w3.org\/2000\/svg\" id=\"e58557d6-aa1b-4b0c-8bc5-8e259947a37c\" data-name=\"Layer 1\" width=\"11\" height=\"11\" viewbox=\"0 0 11 11\"><polygon points=\"6 5 6 0 5 0 5 5 0 5 0 6 5 6 5 11 6 11 6 6 11 6 11 5 6 5\" style=\"fill-rule:evenodd\"><\/polygon><\/svg>\t\t\t<\/span>\n\t\t\t\t\t\t\t\t\t<span class=\"elementor-button-text\">Contact Us<\/span>\n\t\t\t\t\t<\/span>\n\t\t\t\t\t<\/a>\n\t\t\t\t<\/div>\n\t\t\t\t\t\t\t\t<\/div>\n\t\t\t\t<\/div>\n\t\t\t\t<\/div>\n\t\t\t\t<\/div>\n\t\t\t\t<\/div>\n\t\t<div class=\"elementor-element elementor-element-7b3837b e-con-full e-flex e-con e-parent\" data-id=\"7b3837b\" data-element_type=\"container\" data-e-type=\"container\" data-settings=\"{&quot;background_background&quot;:&quot;classic&quot;}\">\n\t\t<div class=\"elementor-element elementor-element-510fc18 e-con-full e-flex e-con e-child\" data-id=\"510fc18\" data-element_type=\"container\" data-e-type=\"container\">\n\t\t\t\t<div class=\"elementor-element elementor-element-c40ae91 elementor-widget elementor-widget-text-editor\" data-id=\"c40ae91\" data-element_type=\"widget\" data-e-type=\"widget\" data-widget_type=\"text-editor.default\">\n\t\t\t\t<div class=\"elementor-widget-container\">\n\t\t\t\t\t\t\t\t\t<p><strong><span style=\"text-decoration: underline;\">Our Fire Fighting unit is equipped with AS350 B3 helicopters configured for:<\/span><\/strong><\/p><ol><li>High density operations, with capacity to transport 6 brigadiers plus the pilot.<\/li><li>These helicopters are equipped with the renowned \u201cBambi Bucket\u201d of 1,000 liters, which allows quick maneuvering and refueling in any natural or artificial water source, optimizing the response time during operations.<\/li><li>Logistics equipment and ground support, which allows us an agile and efficient mobilization anywhere in the country.<\/li><\/ol><p>\u00a0<\/p><p>Our goal is to offer a fast and effective response in firefighting, ensuring the protection of people, property and natural environments.<\/p>\t\t\t\t\t\t\t\t<\/div>\n\t\t\t\t<\/div>\n\t\t\t\t<div class=\"elementor-element elementor-element-079f983 elementor-widget elementor-widget-video\" data-id=\"079f983\" data-element_type=\"widget\" data-e-type=\"widget\" data-settings=\"{&quot;video_type&quot;:&quot;hosted&quot;,&quot;autoplay&quot;:&quot;yes&quot;,&quot;play_on_mobile&quot;:&quot;yes&quot;,&quot;loop&quot;:&quot;yes&quot;}\" data-widget_type=\"video.default\">\n\t\t\t\t<div class=\"elementor-widget-container\">\n\t\t\t\t\t\t\t<div class=\"e-hosted-video elementor-wrapper elementor-open-inline\">\n\t\t\t\t\t<video class=\"elementor-video\" src=\"http:\/\/www.barracoair.com\/wp-content\/uploads\/2024\/09\/AUP-INCENDIO.mp4\" autoplay=\"\" loop=\"\" playsinline=\"\" controlslist=\"nodownload\"><\/video>\n\t\t\t\t<\/div>\n\t\t\t\t\t\t<\/div>\n\t\t\t\t<\/div>\n\t\t\t\t<\/div>\n\t\t\t\t<\/div>\n\t\t\t\t<\/div>","protected":false},"excerpt":{"rendered":"<p>Combate de incendios cont\u00e1ctanos Nuestra unidad de Combate de Incendios est\u00e1 equipada con helic\u00f3pteros AS350 B3 configurados para: Operaciones de alta densidad, con capacidad para transportar a 6 brigadistas m\u00e1s el piloto. Estos helic\u00f3pteros cuentan con el reconocido \u201cBambi Bucket\u201d de 1.000 litros, que permite una r\u00e1pida maniobra y recarga en cualquier fuente de agua [&hellip;]<\/p>\n","protected":false},"author":3,"featured_media":0,"parent":5949,"menu_order":5,"comment_status":"closed","ping_status":"closed","template":"elementor_header_footer","meta":{"_joinchat":[],"footnotes":""},"class_list":["post-6142","page","type-page","status-publish","hentry"],"_links":{"self":[{"href":"https:\/\/www.barracoair.com\/eng\/wp-json\/wp\/v2\/pages\/6142","targetHints":{"allow":["GET"]}}],"collection":[{"href":"https:\/\/www.barracoair.com\/eng\/wp-json\/wp\/v2\/pages"}],"about":[{"href":"https:\/\/www.barracoair.com\/eng\/wp-json\/wp\/v2\/types\/page"}],"author":[{"embeddable":true,"href":"https:\/\/www.barracoair.com\/eng\/wp-json\/wp\/v2\/users\/3"}],"replies":[{"embeddable":true,"href":"https:\/\/www.barracoair.com\/eng\/wp-json\/wp\/v2\/comments?post=6142"}],"version-history":[{"count":22,"href":"https:\/\/www.barracoair.com\/eng\/wp-json\/wp\/v2\/pages\/6142\/revisions"}],"predecessor-version":[{"id":6302,"href":"https:\/\/www.barracoair.com\/eng\/wp-json\/wp\/v2\/pages\/6142\/revisions\/6302"}],"up":[{"embeddable":true,"href":"https:\/\/www.barracoair.com\/eng\/wp-json\/wp\/v2\/pages\/5949"}],"wp:attachment":[{"href":"https:\/\/www.barracoair.com\/eng\/wp-json\/wp\/v2\/media?parent=6142"}],"curies":[{"name":"wp","href":"https:\/\/api.w.org\/{rel}","templated":true}]}}